{"id":104,"date":"2024-03-12T10:19:07","date_gmt":"2024-03-12T09:19:07","guid":{"rendered":"https:\/\/sabi-escrime.fr\/?page_id=104"},"modified":"2025-04-21T19:48:21","modified_gmt":"2025-04-21T17:48:21","slug":"calendrier","status":"publish","type":"page","link":"https:\/\/sabi-escrime.fr\/?page_id=104","title":{"rendered":"Calendrier"},"content":{"rendered":"\n<p>Bonjour \u00e0 tous !<\/p>\n\n\n\n<p>Nous sommes ravis de vous pr\u00e9senter le calendrier des s\u00e9ances pour la saison 2024\/2025 de notre salle d&rsquo;armes.<\/p>\n\n\n\n<p>Pour toute question ou information suppl\u00e9mentaire, n\u2019h\u00e9sitez pas \u00e0 nous contacter au 06 83 46 79 34.<\/p>\n\n\n\n<p>Au plaisir de vous retrouver nombreux lors de nos s\u00e9ances ! <\/p>\n","protected":false},"excerpt":{"rendered":"<p>Bonjour \u00e0 tous ! Nous sommes ravis de vous pr\u00e9senter le calendrier des s\u00e9ances pour la saison 2024\/2025 de notre salle d&rsquo;armes. Pour toute question ou information suppl\u00e9mentaire, n\u2019h\u00e9sitez pas \u00e0 nous contacter au 06 83 46 79 34. Au plaisir de vous retrouver nombreux lors de nos s\u00e9ances !<\/p>\n","protected":false},"author":1,"featured_media":0,"parent":0,"menu_order":0,"comment_status":"closed","ping_status":"closed","template":"","meta":{"footnotes":""},"class_list":["post-104","page","type-page","status-publish","hentry"],"_links":{"self":[{"href":"https:\/\/sabi-escrime.fr\/index.php?rest_route=\/wp\/v2\/pages\/104","targetHints":{"allow":["GET"]}}],"collection":[{"href":"https:\/\/sabi-escrime.fr\/index.php?rest_route=\/wp\/v2\/pages"}],"about":[{"href":"https:\/\/sabi-escrime.fr\/index.php?rest_route=\/wp\/v2\/types\/page"}],"author":[{"embeddable":true,"href":"https:\/\/sabi-escrime.fr\/index.php?rest_route=\/wp\/v2\/users\/1"}],"replies":[{"embeddable":true,"href":"https:\/\/sabi-escrime.fr\/index.php?rest_route=%2Fwp%2Fv2%2Fcomments&post=104"}],"version-history":[{"count":5,"href":"https:\/\/sabi-escrime.fr\/index.php?rest_route=\/wp\/v2\/pages\/104\/revisions"}],"predecessor-version":[{"id":439,"href":"https:\/\/sabi-escrime.fr\/index.php?rest_route=\/wp\/v2\/pages\/104\/revisions\/439"}],"wp:attachment":[{"href":"https:\/\/sabi-escrime.fr\/index.php?rest_route=%2Fwp%2Fv2%2Fmedia&parent=104"}],"curies":[{"name":"wp","href":"https:\/\/api.w.org\/{rel}","templated":true}]}}