{"id":121,"date":"2024-03-12T11:39:56","date_gmt":"2024-03-12T10:39:56","guid":{"rendered":"https:\/\/sabi-escrime.fr\/?page_id=121"},"modified":"2024-03-12T14:55:14","modified_gmt":"2024-03-12T13:55:14","slug":"certificats-medicaux","status":"publish","type":"page","link":"https:\/\/sabi-escrime.fr\/?page_id=121","title":{"rendered":"Certificats m\u00e9dicaux"},"content":{"rendered":"\n<ul class=\"wp-block-list\">\n<li>Certificat m\u00e9dicale pr\u00e9alable \u00e0 la d\u00e9livrance d&rsquo;une licence <\/li>\n<\/ul>\n\n\n\n<div data-wp-interactive=\"core\/file\" class=\"wp-block-file\"><object data-wp-bind--hidden=\"!state.hasPdfPreview\" hidden class=\"wp-block-file__embed\" data=\"https:\/\/sabi-escrime.fr\/wp-content\/uploads\/2024\/03\/regles-generales-certifical-medical.pdf\" type=\"application\/pdf\" style=\"width:100%;height:600px\" aria-label=\"Contenu embarqu\u00e9 regles-generales-certifical-medical.\"><\/object><a id=\"wp-block-file--media-58a1dd39-8d5c-413e-a04b-a3a9a237aa52\" href=\"https:\/\/sabi-escrime.fr\/wp-content\/uploads\/2024\/03\/regles-generales-certifical-medical.pdf\">regles-generales-certifical-medical<\/a><a href=\"https:\/\/sabi-escrime.fr\/wp-content\/uploads\/2024\/03\/regles-generales-certifical-medical.pdf\" class=\"wp-block-file__button wp-element-button\" download aria-describedby=\"wp-block-file--media-58a1dd39-8d5c-413e-a04b-a3a9a237aa52\">T\u00e9l\u00e9charger<\/a><\/div>\n\n\n\n<ul class=\"wp-block-list\">\n<li>Certificat m\u00e9dical d&rsquo;absence de contre-indication \u00e0 la pratique de l&rsquo;escrime HORS comp\u00e9tition pour les VETERANS <\/li>\n<\/ul>\n\n\n\n<div data-wp-interactive=\"core\/file\" class=\"wp-block-file\"><object data-wp-bind--hidden=\"!state.hasPdfPreview\" hidden class=\"wp-block-file__embed\" data=\"https:\/\/sabi-escrime.fr\/wp-content\/uploads\/2024\/03\/certificat-veterans-sans-competition-2.pdf\" type=\"application\/pdf\" style=\"width:100%;height:600px\" aria-label=\"Contenu embarqu\u00e9 certificat-veterans-sans-competition-2.\"><\/object><a id=\"wp-block-file--media-9105e115-2359-46b8-97ea-ad2129d02a8e\" href=\"https:\/\/sabi-escrime.fr\/wp-content\/uploads\/2024\/03\/certificat-veterans-sans-competition-2.pdf\">certificat-veterans-sans-competition-2<\/a><a href=\"https:\/\/sabi-escrime.fr\/wp-content\/uploads\/2024\/03\/certificat-veterans-sans-competition-2.pdf\" class=\"wp-block-file__button wp-element-button\" download aria-describedby=\"wp-block-file--media-9105e115-2359-46b8-97ea-ad2129d02a8e\">T\u00e9l\u00e9charger<\/a><\/div>\n\n\n\n<ul class=\"wp-block-list\">\n<li>Certificat de simple surclassement <\/li>\n<\/ul>\n\n\n\n<div data-wp-interactive=\"core\/file\" class=\"wp-block-file\"><object data-wp-bind--hidden=\"!state.hasPdfPreview\" hidden class=\"wp-block-file__embed\" data=\"https:\/\/sabi-escrime.fr\/wp-content\/uploads\/2024\/03\/simple-surclassement.pdf\" type=\"application\/pdf\" style=\"width:100%;height:730px\" aria-label=\"Contenu embarqu\u00e9 simple-surclassement.\"><\/object><a id=\"wp-block-file--media-e8b5ddf4-d53e-4569-b2e4-3d82fe45fac3\" href=\"https:\/\/sabi-escrime.fr\/wp-content\/uploads\/2024\/03\/simple-surclassement.pdf\">simple-surclassement<\/a><a href=\"https:\/\/sabi-escrime.fr\/wp-content\/uploads\/2024\/03\/simple-surclassement.pdf\" class=\"wp-block-file__button wp-element-button\" download aria-describedby=\"wp-block-file--media-e8b5ddf4-d53e-4569-b2e4-3d82fe45fac3\">T\u00e9l\u00e9charger<\/a><\/div>\n\n\n\n<ul class=\"wp-block-list\">\n<li>Renouvellement de licence d&rsquo;une f\u00e9d\u00e9ration sportive<\/li>\n<\/ul>\n\n\n\n<div data-wp-interactive=\"core\/file\" class=\"wp-block-file\"><object data-wp-bind--hidden=\"!state.hasPdfPreview\" hidden class=\"wp-block-file__embed\" data=\"https:\/\/sabi-escrime.fr\/wp-content\/uploads\/2024\/03\/QS-Sport-1.pdf\" type=\"application\/pdf\" style=\"width:100%;height:600px\" aria-label=\"Contenu embarqu\u00e9 QS-Sport-1.\"><\/object><a id=\"wp-block-file--media-fd8c1177-828b-4e33-9365-ed8a9bf4b134\" href=\"https:\/\/sabi-escrime.fr\/wp-content\/uploads\/2024\/03\/QS-Sport-1.pdf\">QS-Sport-1<\/a><a href=\"https:\/\/sabi-escrime.fr\/wp-content\/uploads\/2024\/03\/QS-Sport-1.pdf\" class=\"wp-block-file__button wp-element-button\" download aria-describedby=\"wp-block-file--media-fd8c1177-828b-4e33-9365-ed8a9bf4b134\">T\u00e9l\u00e9charger<\/a><\/div>\n\n\n\n<p><\/p>\n","protected":false},"excerpt":{"rendered":"","protected":false},"author":1,"featured_media":0,"parent":0,"menu_order":0,"comment_status":"closed","ping_status":"closed","template":"","meta":{"footnotes":""},"class_list":["post-121","page","type-page","status-publish","hentry"],"_links":{"self":[{"href":"https:\/\/sabi-escrime.fr\/index.php?rest_route=\/wp\/v2\/pages\/121","targetHints":{"allow":["GET"]}}],"collection":[{"href":"https:\/\/sabi-escrime.fr\/index.php?rest_route=\/wp\/v2\/pages"}],"about":[{"href":"https:\/\/sabi-escrime.fr\/index.php?rest_route=\/wp\/v2\/types\/page"}],"author":[{"embeddable":true,"href":"https:\/\/sabi-escrime.fr\/index.php?rest_route=\/wp\/v2\/users\/1"}],"replies":[{"embeddable":true,"href":"https:\/\/sabi-escrime.fr\/index.php?rest_route=%2Fwp%2Fv2%2Fcomments&post=121"}],"version-history":[{"count":7,"href":"https:\/\/sabi-escrime.fr\/index.php?rest_route=\/wp\/v2\/pages\/121\/revisions"}],"predecessor-version":[{"id":221,"href":"https:\/\/sabi-escrime.fr\/index.php?rest_route=\/wp\/v2\/pages\/121\/revisions\/221"}],"wp:attachment":[{"href":"https:\/\/sabi-escrime.fr\/index.php?rest_route=%2Fwp%2Fv2%2Fmedia&parent=121"}],"curies":[{"name":"wp","href":"https:\/\/api.w.org\/{rel}","templated":true}]}}