{"id":177,"date":"2024-03-12T12:47:45","date_gmt":"2024-03-12T11:47:45","guid":{"rendered":"https:\/\/sabi-escrime.fr\/?page_id=177"},"modified":"2025-07-06T11:46:21","modified_gmt":"2025-07-06T09:46:21","slug":"la-salle-darmes","status":"publish","type":"page","link":"https:\/\/sabi-escrime.fr\/?page_id=177","title":{"rendered":"La salle d&rsquo;armes"},"content":{"rendered":"\n<div class=\"wp-block-media-text is-stacked-on-mobile\"><figure class=\"wp-block-media-text__media\"><img loading=\"lazy\" decoding=\"async\" width=\"1024\" height=\"768\" src=\"http:\/\/sabi-escrime.fr\/wp-content\/uploads\/2025\/07\/IMG_28721-1024x768.jpg\" alt=\"\" class=\"wp-image-477 size-full\" srcset=\"https:\/\/sabi-escrime.fr\/wp-content\/uploads\/2025\/07\/IMG_28721-1024x768.jpg 1024w, https:\/\/sabi-escrime.fr\/wp-content\/uploads\/2025\/07\/IMG_28721-300x225.jpg 300w, https:\/\/sabi-escrime.fr\/wp-content\/uploads\/2025\/07\/IMG_28721-768x576.jpg 768w, https:\/\/sabi-escrime.fr\/wp-content\/uploads\/2025\/07\/IMG_28721-1536x1152.jpg 1536w, https:\/\/sabi-escrime.fr\/wp-content\/uploads\/2025\/07\/IMG_28721.jpg 2016w\" sizes=\"auto, (max-width: 1024px) 100vw, 1024px\" \/><\/figure><div class=\"wp-block-media-text__content\">\n<p class=\"has-medium-font-size\">Une salle lumineuse avec 6 pistes marqu\u00e9es au sol,<\/p>\n<\/div><\/div>\n\n\n\n<hr class=\"wp-block-separator has-alpha-channel-opacity\"\/>\n\n\n\n<div class=\"wp-block-media-text has-media-on-the-right is-stacked-on-mobile\"><div class=\"wp-block-media-text__content\">\n<p class=\"has-medium-font-size\">\u00e9quip\u00e9e \u00e9lectriquement au niveau de chaque piste, avec des afficheurs,<\/p>\n<\/div><figure class=\"wp-block-media-text__media\"><img loading=\"lazy\" decoding=\"async\" width=\"1024\" height=\"768\" src=\"http:\/\/sabi-escrime.fr\/wp-content\/uploads\/2025\/07\/IMG_2880-1024x768.jpg\" alt=\"\" class=\"wp-image-476 size-full\" srcset=\"https:\/\/sabi-escrime.fr\/wp-content\/uploads\/2025\/07\/IMG_2880-1024x768.jpg 1024w, https:\/\/sabi-escrime.fr\/wp-content\/uploads\/2025\/07\/IMG_2880-300x225.jpg 300w, https:\/\/sabi-escrime.fr\/wp-content\/uploads\/2025\/07\/IMG_2880-768x576.jpg 768w, https:\/\/sabi-escrime.fr\/wp-content\/uploads\/2025\/07\/IMG_2880-1536x1152.jpg 1536w, https:\/\/sabi-escrime.fr\/wp-content\/uploads\/2025\/07\/IMG_2880.jpg 2016w\" sizes=\"auto, (max-width: 1024px) 100vw, 1024px\" \/><\/figure><\/div>\n\n\n\n<hr class=\"wp-block-separator has-alpha-channel-opacity\"\/>\n\n\n\n<div class=\"wp-block-media-text is-stacked-on-mobile\"><figure class=\"wp-block-media-text__media\"><img loading=\"lazy\" decoding=\"async\" width=\"1024\" height=\"768\" src=\"http:\/\/sabi-escrime.fr\/wp-content\/uploads\/2025\/07\/IMG_2775-1024x768.jpg\" alt=\"\" class=\"wp-image-473 size-full\" srcset=\"https:\/\/sabi-escrime.fr\/wp-content\/uploads\/2025\/07\/IMG_2775-1024x768.jpg 1024w, https:\/\/sabi-escrime.fr\/wp-content\/uploads\/2025\/07\/IMG_2775-300x225.jpg 300w, https:\/\/sabi-escrime.fr\/wp-content\/uploads\/2025\/07\/IMG_2775-768x576.jpg 768w, https:\/\/sabi-escrime.fr\/wp-content\/uploads\/2025\/07\/IMG_2775-1536x1152.jpg 1536w, https:\/\/sabi-escrime.fr\/wp-content\/uploads\/2025\/07\/IMG_2775.jpg 1953w\" sizes=\"auto, (max-width: 1024px) 100vw, 1024px\" \/><\/figure><div class=\"wp-block-media-text__content\">\n<p>et les enrouleurs aux extr\u00e9mit\u00e9s des pistes.<\/p>\n<\/div><\/div>\n","protected":false},"excerpt":{"rendered":"<p>Une salle lumineuse avec 6 pistes marqu\u00e9es au sol, \u00e9quip\u00e9e \u00e9lectriquement au niveau de chaque piste, avec des afficheurs, et les enrouleurs aux extr\u00e9mit\u00e9s des pistes.<\/p>\n","protected":false},"author":1,"featured_media":0,"parent":0,"menu_order":0,"comment_status":"closed","ping_status":"closed","template":"","meta":{"footnotes":""},"class_list":["post-177","page","type-page","status-publish","hentry"],"_links":{"self":[{"href":"https:\/\/sabi-escrime.fr\/index.php?rest_route=\/wp\/v2\/pages\/177","targetHints":{"allow":["GET"]}}],"collection":[{"href":"https:\/\/sabi-escrime.fr\/index.php?rest_route=\/wp\/v2\/pages"}],"about":[{"href":"https:\/\/sabi-escrime.fr\/index.php?rest_route=\/wp\/v2\/types\/page"}],"author":[{"embeddable":true,"href":"https:\/\/sabi-escrime.fr\/index.php?rest_route=\/wp\/v2\/users\/1"}],"replies":[{"embeddable":true,"href":"https:\/\/sabi-escrime.fr\/index.php?rest_route=%2Fwp%2Fv2%2Fcomments&post=177"}],"version-history":[{"count":3,"href":"https:\/\/sabi-escrime.fr\/index.php?rest_route=\/wp\/v2\/pages\/177\/revisions"}],"predecessor-version":[{"id":479,"href":"https:\/\/sabi-escrime.fr\/index.php?rest_route=\/wp\/v2\/pages\/177\/revisions\/479"}],"wp:attachment":[{"href":"https:\/\/sabi-escrime.fr\/index.php?rest_route=%2Fwp%2Fv2%2Fmedia&parent=177"}],"curies":[{"name":"wp","href":"https:\/\/api.w.org\/{rel}","templated":true}]}}