{"id":287,"date":"2024-03-13T11:37:37","date_gmt":"2024-03-13T10:37:37","guid":{"rendered":"https:\/\/sabi-escrime.fr\/?page_id=287"},"modified":"2024-03-15T21:14:39","modified_gmt":"2024-03-15T20:14:39","slug":"presse","status":"publish","type":"page","link":"https:\/\/sabi-escrime.fr\/?page_id=287","title":{"rendered":"Presse"},"content":{"rendered":"\n<p><\/p>\n\n\n\n<p>Nous sommes heureux de partager avec vous une excellente nouvelle ! <\/p>\n\n\n\n<p>Le journal Le Dauphin\u00e9 Lib\u00e9r\u00e9 a r\u00e9cemment consacr\u00e9 un article \u00e0 notre salle d&rsquo;armes Bi\u00e8vre Is\u00e8re. C&rsquo;est avec fiert\u00e9 que nous vous invitons \u00e0 lire cet article et \u00e0 d\u00e9couvrir davantage sur notre salle d&rsquo;armes, notre \u00e9quipe et nos valeurs. Nous remercions Le Dauphin\u00e9 Lib\u00e9r\u00e9 pour cet honneur et nous esp\u00e9rons que cela encouragera encore plus de personnes \u00e0 rejoindre notre communaut\u00e9 d&rsquo;escrimeurs passionn\u00e9s.<\/p>\n\n\n\n<p>N&rsquo;h\u00e9sitez pas \u00e0 consulter l&rsquo;article sur le site du journal. <\/p>\n\n\n\n<p>Merci de votre int\u00e9r\u00eat et \u00e0 bient\u00f4t \u00e0 la salle d&rsquo;armes de Bi\u00e8vre Is\u00e8re !<\/p>\n\n\n\n<p>L&rsquo;\u00e9quipe de la salle d&rsquo;armes de Bi\u00e8vre Is\u00e8re<\/p>\n\n\n\n<p><a href=\"https:\/\/www.ledauphine.com\/culture-loisirs\/2022\/09\/18\/les-essais-d-escrime-ont-atteint-leur-but\">https:\/\/www.ledauphine.com\/culture-loisirs\/2022\/09\/18\/les-essais-d-escrime-ont-atteint-leur-but<\/a><\/p>\n","protected":false},"excerpt":{"rendered":"<p>Nous sommes heureux de partager avec vous une excellente nouvelle ! Le journal Le Dauphin\u00e9 Lib\u00e9r\u00e9 a r\u00e9cemment consacr\u00e9 un article \u00e0 notre salle d&rsquo;armes Bi\u00e8vre Is\u00e8re. C&rsquo;est avec fiert\u00e9 que nous vous invitons \u00e0 lire cet article et \u00e0 d\u00e9couvrir davantage sur notre salle d&rsquo;armes, notre \u00e9quipe et nos valeurs. Nous remercions Le Dauphin\u00e9 [&hellip;]<\/p>\n","protected":false},"author":1,"featured_media":0,"parent":0,"menu_order":0,"comment_status":"open","ping_status":"closed","template":"","meta":{"footnotes":""},"class_list":["post-287","page","type-page","status-publish","hentry"],"_links":{"self":[{"href":"https:\/\/sabi-escrime.fr\/index.php?rest_route=\/wp\/v2\/pages\/287","targetHints":{"allow":["GET"]}}],"collection":[{"href":"https:\/\/sabi-escrime.fr\/index.php?rest_route=\/wp\/v2\/pages"}],"about":[{"href":"https:\/\/sabi-escrime.fr\/index.php?rest_route=\/wp\/v2\/types\/page"}],"author":[{"embeddable":true,"href":"https:\/\/sabi-escrime.fr\/index.php?rest_route=\/wp\/v2\/users\/1"}],"replies":[{"embeddable":true,"href":"https:\/\/sabi-escrime.fr\/index.php?rest_route=%2Fwp%2Fv2%2Fcomments&post=287"}],"version-history":[{"count":4,"href":"https:\/\/sabi-escrime.fr\/index.php?rest_route=\/wp\/v2\/pages\/287\/revisions"}],"predecessor-version":[{"id":381,"href":"https:\/\/sabi-escrime.fr\/index.php?rest_route=\/wp\/v2\/pages\/287\/revisions\/381"}],"wp:attachment":[{"href":"https:\/\/sabi-escrime.fr\/index.php?rest_route=%2Fwp%2Fv2%2Fmedia&parent=287"}],"curies":[{"name":"wp","href":"https:\/\/api.w.org\/{rel}","templated":true}]}}