{"id":450,"date":"2025-06-05T22:35:02","date_gmt":"2025-06-05T20:35:02","guid":{"rendered":"https:\/\/sabi-escrime.fr\/?page_id=450"},"modified":"2025-06-06T22:44:59","modified_gmt":"2025-06-06T20:44:59","slug":"competitions-2","status":"publish","type":"page","link":"https:\/\/sabi-escrime.fr\/?page_id=450","title":{"rendered":"Comp\u00e9titions"},"content":{"rendered":"\n<h2 class=\"wp-block-heading\">Moirans, le 17 mai 2025<\/h2>\n\n\n\n<figure class=\"wp-block-image size-full\"><img loading=\"lazy\" decoding=\"async\" width=\"1025\" height=\"686\" src=\"http:\/\/sabi-escrime.fr\/wp-content\/uploads\/2025\/06\/PHOTO-2025-05-17-14-51-45.jpg\" alt=\"\" class=\"wp-image-449\" srcset=\"https:\/\/sabi-escrime.fr\/wp-content\/uploads\/2025\/06\/PHOTO-2025-05-17-14-51-45.jpg 1025w, https:\/\/sabi-escrime.fr\/wp-content\/uploads\/2025\/06\/PHOTO-2025-05-17-14-51-45-300x201.jpg 300w, https:\/\/sabi-escrime.fr\/wp-content\/uploads\/2025\/06\/PHOTO-2025-05-17-14-51-45-768x514.jpg 768w\" sizes=\"auto, (max-width: 1025px) 100vw, 1025px\" \/><\/figure>\n\n\n\n<hr class=\"wp-block-separator has-alpha-channel-opacity\"\/>\n\n\n\n<div class=\"wp-block-media-text is-stacked-on-mobile\" style=\"grid-template-columns:60% auto\"><figure class=\"wp-block-media-text__media\"><img loading=\"lazy\" decoding=\"async\" width=\"1024\" height=\"576\" src=\"http:\/\/sabi-escrime.fr\/wp-content\/uploads\/2025\/06\/PHOTO-2025-05-17-14-27-57-1024x576.jpg\" alt=\"\" class=\"wp-image-454 size-full\" srcset=\"https:\/\/sabi-escrime.fr\/wp-content\/uploads\/2025\/06\/PHOTO-2025-05-17-14-27-57-1024x576.jpg 1024w, https:\/\/sabi-escrime.fr\/wp-content\/uploads\/2025\/06\/PHOTO-2025-05-17-14-27-57-300x169.jpg 300w, https:\/\/sabi-escrime.fr\/wp-content\/uploads\/2025\/06\/PHOTO-2025-05-17-14-27-57-768x432.jpg 768w, https:\/\/sabi-escrime.fr\/wp-content\/uploads\/2025\/06\/PHOTO-2025-05-17-14-27-57-1536x864.jpg 1536w, https:\/\/sabi-escrime.fr\/wp-content\/uploads\/2025\/06\/PHOTO-2025-05-17-14-27-57.jpg 2048w\" sizes=\"auto, (max-width: 1024px) 100vw, 1024px\" \/><\/figure><div class=\"wp-block-media-text__content\">\n<p>Pr\u00eats pour l&rsquo;\u00e9chauffement<\/p>\n<\/div><\/div>\n\n\n\n<p>  <\/p>\n\n\n\n<div class=\"wp-block-media-text has-media-on-the-right is-stacked-on-mobile\" style=\"grid-template-columns:auto 59%\"><div class=\"wp-block-media-text__content\">\n<p>Les sourires d&rsquo;une victoire<\/p>\n<\/div><figure class=\"wp-block-media-text__media\"><img loading=\"lazy\" decoding=\"async\" width=\"1024\" height=\"576\" src=\"http:\/\/sabi-escrime.fr\/wp-content\/uploads\/2025\/06\/PHOTO-2025-05-17-15-58-02-1024x576.jpg\" alt=\"\" class=\"wp-image-456 size-full\" srcset=\"https:\/\/sabi-escrime.fr\/wp-content\/uploads\/2025\/06\/PHOTO-2025-05-17-15-58-02-1024x576.jpg 1024w, https:\/\/sabi-escrime.fr\/wp-content\/uploads\/2025\/06\/PHOTO-2025-05-17-15-58-02-300x169.jpg 300w, https:\/\/sabi-escrime.fr\/wp-content\/uploads\/2025\/06\/PHOTO-2025-05-17-15-58-02-768x432.jpg 768w, https:\/\/sabi-escrime.fr\/wp-content\/uploads\/2025\/06\/PHOTO-2025-05-17-15-58-02-1536x864.jpg 1536w, https:\/\/sabi-escrime.fr\/wp-content\/uploads\/2025\/06\/PHOTO-2025-05-17-15-58-02.jpg 2048w\" sizes=\"auto, (max-width: 1024px) 100vw, 1024px\" \/><\/figure><\/div>\n\n\n\n<p>  <\/p>\n\n\n\n<div class=\"wp-block-media-text is-stacked-on-mobile\" style=\"grid-template-columns:55% auto\"><figure class=\"wp-block-media-text__media\"><img loading=\"lazy\" decoding=\"async\" width=\"1024\" height=\"770\" src=\"http:\/\/sabi-escrime.fr\/wp-content\/uploads\/2025\/06\/PHOTO-2025-05-17-18-08-37-1024x770.jpg\" alt=\"\" class=\"wp-image-455 size-full\" srcset=\"https:\/\/sabi-escrime.fr\/wp-content\/uploads\/2025\/06\/PHOTO-2025-05-17-18-08-37-1024x770.jpg 1024w, https:\/\/sabi-escrime.fr\/wp-content\/uploads\/2025\/06\/PHOTO-2025-05-17-18-08-37-300x225.jpg 300w, https:\/\/sabi-escrime.fr\/wp-content\/uploads\/2025\/06\/PHOTO-2025-05-17-18-08-37-768x577.jpg 768w, https:\/\/sabi-escrime.fr\/wp-content\/uploads\/2025\/06\/PHOTO-2025-05-17-18-08-37-1536x1154.jpg 1536w, https:\/\/sabi-escrime.fr\/wp-content\/uploads\/2025\/06\/PHOTO-2025-05-17-18-08-37.jpg 2048w\" sizes=\"auto, (max-width: 1024px) 100vw, 1024px\" \/><\/figure><div class=\"wp-block-media-text__content\">\n<p>Le sourire malgr\u00e9 une cruelle d\u00e9faite 25-27.<\/p>\n\n\n\n<p>Notre \u00e9quipe finit 8<sup>\u00e8me<\/sup><\/p>\n<\/div><\/div>\n\n\n\n<hr class=\"wp-block-separator has-alpha-channel-opacity\"\/>\n","protected":false},"excerpt":{"rendered":"<p>Moirans, le 17 mai 2025 Pr\u00eats pour l&rsquo;\u00e9chauffement Les sourires d&rsquo;une victoire Le sourire malgr\u00e9 une cruelle d\u00e9faite 25-27. Notre \u00e9quipe finit 8\u00e8me<\/p>\n","protected":false},"author":1,"featured_media":0,"parent":0,"menu_order":0,"comment_status":"closed","ping_status":"closed","template":"","meta":{"footnotes":""},"class_list":["post-450","page","type-page","status-publish","hentry"],"_links":{"self":[{"href":"https:\/\/sabi-escrime.fr\/index.php?rest_route=\/wp\/v2\/pages\/450","targetHints":{"allow":["GET"]}}],"collection":[{"href":"https:\/\/sabi-escrime.fr\/index.php?rest_route=\/wp\/v2\/pages"}],"about":[{"href":"https:\/\/sabi-escrime.fr\/index.php?rest_route=\/wp\/v2\/types\/page"}],"author":[{"embeddable":true,"href":"https:\/\/sabi-escrime.fr\/index.php?rest_route=\/wp\/v2\/users\/1"}],"replies":[{"embeddable":true,"href":"https:\/\/sabi-escrime.fr\/index.php?rest_route=%2Fwp%2Fv2%2Fcomments&post=450"}],"version-history":[{"count":3,"href":"https:\/\/sabi-escrime.fr\/index.php?rest_route=\/wp\/v2\/pages\/450\/revisions"}],"predecessor-version":[{"id":460,"href":"https:\/\/sabi-escrime.fr\/index.php?rest_route=\/wp\/v2\/pages\/450\/revisions\/460"}],"wp:attachment":[{"href":"https:\/\/sabi-escrime.fr\/index.php?rest_route=%2Fwp%2Fv2%2Fmedia&parent=450"}],"curies":[{"name":"wp","href":"https:\/\/api.w.org\/{rel}","templated":true}]}}